{"id":7212,"date":"2019-05-01T14:30:04","date_gmt":"2019-05-01T12:30:04","guid":{"rendered":"http:\/\/2019.acryline.ch\/9rz\/products\/advertising-signs\/"},"modified":"2021-05-03T14:31:35","modified_gmt":"2021-05-03T12:31:35","slug":"advertising-signs","status":"publish","type":"page","link":"https:\/\/www.acryline.ch\/EN\/products\/advertising-signs\/","title":{"rendered":"ADVERTISING SIGNS"},"content":{"rendered":"<section  class='av_textblock_section av-jv4cqtxh-bc7fbade0281a4b117bb4631fc569e8d '   itemscope=\"itemscope\" itemtype=\"https:\/\/schema.org\/CreativeWork\" ><div class='avia_textblock'  itemprop=\"text\" ><h1>Illuminated Advertisements &amp; LineLights<\/h1>\n<\/div><\/section>\n\n<style type=\"text\/css\" data-created_by=\"avia_inline_auto\" id=\"style-css-av-jv5a4911-3028a8346d702c0645c4943fa1be8aab\">\n#top .hr.hr-invisible.av-jv5a4911-3028a8346d702c0645c4943fa1be8aab{\nheight:15px;\n}\n<\/style>\n<div  class='hr av-jv5a4911-3028a8346d702c0645c4943fa1be8aab hr-invisible  avia-builder-el-1  el_after_av_textblock  el_before_av_one_third  av-small-hide av-mini-hide'><span class='hr-inner '><span class=\"hr-inner-style\"><\/span><\/span><\/div>\n\n<style type=\"text\/css\" data-created_by=\"avia_inline_auto\" id=\"style-css-av-4doqgq-d10a59418613db9209c96cad742cfee7\">\n.flex_column.av-4doqgq-d10a59418613db9209c96cad742cfee7{\nborder-radius:0px 0px 0px 0px;\npadding:0px 0px 0px 0px;\n}\n<\/style>\n<div  class='flex_column av-4doqgq-d10a59418613db9209c96cad742cfee7 av_one_third  avia-builder-el-2  el_after_av_hr  el_before_av_one_third  first flex_column_div av-zero-column-padding  '     ><section  class='av_textblock_section av-jv4cqjkq-ab3b8e21c127a42362e48efe78d776b7 '   itemscope=\"itemscope\" itemtype=\"https:\/\/schema.org\/CreativeWork\" ><div class='avia_textblock'  itemprop=\"text\" ><p><strong>Shiningly communicating:<\/strong> Acryl glass conducts light exceptionally well. This opens up new possibilities to use extravagant effects for advertising signs. We manufacture a broad spectrum of individual illuminated advertising from line-lights with LED technology to promotion tables.<\/p>\n<\/div><\/section><\/div>\n<style type=\"text\/css\" data-created_by=\"avia_inline_auto\" id=\"style-css-av-4x9gz7-784388378cb741051af2a896d365923a\">\n.flex_column.av-4x9gz7-784388378cb741051af2a896d365923a{\nborder-radius:0px 0px 0px 0px;\npadding:0px 0px 0px 0px;\n}\n<\/style>\n<div  class='flex_column av-4x9gz7-784388378cb741051af2a896d365923a av_one_third  avia-builder-el-4  el_after_av_one_third  el_before_av_one_third  flex_column_div av-zero-column-padding  '     ><div  class='avia-slideshow av-jxklfoec-0366f675eac1ede5e88f5c26a36381bd avia-slideshow-no scaling av_slideshow avia-fade-slider  avia-builder-el-5  avia-builder-el-no-sibling  av-slideshow-ui av-control-minimal av-control-minimal-dark av-slideshow-autoplay av-loop-endless av-loop-manual-endless av-default-height-applied avia-slideshow-1' data-slideshow-options=\"{&quot;animation&quot;:&quot;fade&quot;,&quot;autoplay&quot;:true,&quot;loop_autoplay&quot;:&quot;endless&quot;,&quot;interval&quot;:4,&quot;loop_manual&quot;:&quot;manual-endless&quot;,&quot;autoplay_stopper&quot;:false,&quot;noNavigation&quot;:false,&quot;bg_slider&quot;:false,&quot;keep_padding&quot;:false,&quot;hoverpause&quot;:false,&quot;show_slide_delay&quot;:0}\"  itemprop=\"image\" itemscope=\"itemscope\" itemtype=\"https:\/\/schema.org\/ImageObject\" ><ul class='avia-slideshow-inner ' style='padding-bottom: 100%;'><li  class='avia-slideshow-slide av-jxklfoec-0366f675eac1ede5e88f5c26a36381bd__0  slide-1 slide-odd'><div data-rel='slideshow-1' class='avia-slide-wrap '  title='Beleuchtungshaube (Swisscom Telefonkabinen)' ><img decoding=\"async\" fetchpriority=\"high\" class=\"wp-image-3243 avia-img-lazy-loading-not-3243\"  src=\"https:\/\/www.acryline.ch\/EN\/wp-content\/uploads\/2019\/04\/acryline_display1_e-1.jpg\" width=\"2000\" height=\"2000\" title='Beleuchtungshaube (Swisscom Telefonkabinen)' alt='Acryline Beleuchtungshaube (Swisscom Telefonkabinen) displays beleuchtung beleuchtungskomponente beleuchtungs-komponente leuchtreklamen acryl kunststoff'  itemprop=\"thumbnailUrl\" srcset=\"https:\/\/www.acryline.ch\/EN\/wp-content\/uploads\/2019\/04\/acryline_display1_e-1.jpg 2000w, https:\/\/www.acryline.ch\/EN\/wp-content\/uploads\/2019\/04\/acryline_display1_e-1-300x300.jpg 300w, https:\/\/www.acryline.ch\/EN\/wp-content\/uploads\/2019\/04\/acryline_display1_e-1-768x768.jpg 768w, https:\/\/www.acryline.ch\/EN\/wp-content\/uploads\/2019\/04\/acryline_display1_e-1-1024x1024.jpg 1024w, https:\/\/www.acryline.ch\/EN\/wp-content\/uploads\/2019\/04\/acryline_display1_e-1-100x100.jpg 100w\" sizes=\"(max-width: 2000px) 100vw, 2000px\" \/><\/div><\/li><li  class='avia-slideshow-slide av-jxklfoec-0366f675eac1ede5e88f5c26a36381bd__1  slide-2 slide-even'><div data-rel='slideshow-1' class='avia-slide-wrap '  title='Illuminated Advertising made of acryl glass' ><img decoding=\"async\" fetchpriority=\"high\" class=\"wp-image-5652 avia-img-lazy-loading-not-5652\"  src=\"https:\/\/www.acryline.ch\/EN\/wp-content\/uploads\/2019\/06\/acryline_leuchtreklame7-2.jpg\" width=\"2000\" height=\"2000\" title='Illuminated Advertising made of acryl glass' alt='Illuminated Advertising made of acryl glass'  itemprop=\"thumbnailUrl\" srcset=\"https:\/\/www.acryline.ch\/EN\/wp-content\/uploads\/2019\/06\/acryline_leuchtreklame7-2.jpg 2000w, https:\/\/www.acryline.ch\/EN\/wp-content\/uploads\/2019\/06\/acryline_leuchtreklame7-2-300x300.jpg 300w, https:\/\/www.acryline.ch\/EN\/wp-content\/uploads\/2019\/06\/acryline_leuchtreklame7-2-768x768.jpg 768w, https:\/\/www.acryline.ch\/EN\/wp-content\/uploads\/2019\/06\/acryline_leuchtreklame7-2-1024x1024.jpg 1024w, https:\/\/www.acryline.ch\/EN\/wp-content\/uploads\/2019\/06\/acryline_leuchtreklame7-2-100x100.jpg 100w\" sizes=\"(max-width: 2000px) 100vw, 2000px\" \/><\/div><\/li><li  class='avia-slideshow-slide av-jxklfoec-0366f675eac1ede5e88f5c26a36381bd__2  slide-3 slide-odd'><div data-rel='slideshow-1' class='avia-slide-wrap '   ><img decoding=\"async\" fetchpriority=\"high\" class=\"wp-image-8245 avia-img-lazy-loading-not-8245\"  src=\"https:\/\/www.acryline.ch\/EN\/wp-content\/uploads\/2019\/07\/acryline_leuchten3.jpg\" width=\"2000\" height=\"2000\" title='Line Light made of acryl glass' alt='Line Light made of acryl glass Advertising sign LED'  itemprop=\"thumbnailUrl\" srcset=\"https:\/\/www.acryline.ch\/EN\/wp-content\/uploads\/2019\/07\/acryline_leuchten3.jpg 2000w, https:\/\/www.acryline.ch\/EN\/wp-content\/uploads\/2019\/07\/acryline_leuchten3-80x80.jpg 80w, https:\/\/www.acryline.ch\/EN\/wp-content\/uploads\/2019\/07\/acryline_leuchten3-300x300.jpg 300w, https:\/\/www.acryline.ch\/EN\/wp-content\/uploads\/2019\/07\/acryline_leuchten3-768x768.jpg 768w, https:\/\/www.acryline.ch\/EN\/wp-content\/uploads\/2019\/07\/acryline_leuchten3-1030x1030.jpg 1030w, https:\/\/www.acryline.ch\/EN\/wp-content\/uploads\/2019\/07\/acryline_leuchten3-36x36.jpg 36w, https:\/\/www.acryline.ch\/EN\/wp-content\/uploads\/2019\/07\/acryline_leuchten3-180x180.jpg 180w, https:\/\/www.acryline.ch\/EN\/wp-content\/uploads\/2019\/07\/acryline_leuchten3-1500x1500.jpg 1500w, https:\/\/www.acryline.ch\/EN\/wp-content\/uploads\/2019\/07\/acryline_leuchten3-705x705.jpg 705w, https:\/\/www.acryline.ch\/EN\/wp-content\/uploads\/2019\/07\/acryline_leuchten3-120x120.jpg 120w, https:\/\/www.acryline.ch\/EN\/wp-content\/uploads\/2019\/07\/acryline_leuchten3-450x450.jpg 450w\" sizes=\"(max-width: 2000px) 100vw, 2000px\" \/><\/div><\/li><li  class='avia-slideshow-slide av-jxklfoec-0366f675eac1ede5e88f5c26a36381bd__3  slide-4 slide-even'><div data-rel='slideshow-1' class='avia-slide-wrap '  title='Illuminated Advertising made of acryl glass' ><img decoding=\"async\" fetchpriority=\"high\" class=\"wp-image-5640 avia-img-lazy-loading-not-5640\"  src=\"https:\/\/www.acryline.ch\/EN\/wp-content\/uploads\/2019\/06\/acryline_leuchtreklame5-2.jpg\" width=\"2000\" height=\"2000\" title='Illuminated Advertising made of acryl glass' alt='Illuminated Advertising made of acryl glass'  itemprop=\"thumbnailUrl\" srcset=\"https:\/\/www.acryline.ch\/EN\/wp-content\/uploads\/2019\/06\/acryline_leuchtreklame5-2.jpg 2000w, https:\/\/www.acryline.ch\/EN\/wp-content\/uploads\/2019\/06\/acryline_leuchtreklame5-2-300x300.jpg 300w, https:\/\/www.acryline.ch\/EN\/wp-content\/uploads\/2019\/06\/acryline_leuchtreklame5-2-768x768.jpg 768w, https:\/\/www.acryline.ch\/EN\/wp-content\/uploads\/2019\/06\/acryline_leuchtreklame5-2-1024x1024.jpg 1024w, https:\/\/www.acryline.ch\/EN\/wp-content\/uploads\/2019\/06\/acryline_leuchtreklame5-2-100x100.jpg 100w\" sizes=\"(max-width: 2000px) 100vw, 2000px\" \/><\/div><\/li><li  class='avia-slideshow-slide av-jxklfoec-0366f675eac1ede5e88f5c26a36381bd__4  slide-5 slide-odd'><div data-rel='slideshow-1' class='avia-slide-wrap '   ><img decoding=\"async\" fetchpriority=\"high\" class=\"wp-image-5618 avia-img-lazy-loading-not-5618\"  src=\"https:\/\/www.acryline.ch\/EN\/wp-content\/uploads\/2019\/06\/187_1744-2.jpg\" width=\"1999\" height=\"1335\" title='Illuminated Advertising made of acryl glass' alt='Illuminated Advertising made of acryl glass'  itemprop=\"thumbnailUrl\" srcset=\"https:\/\/www.acryline.ch\/EN\/wp-content\/uploads\/2019\/06\/187_1744-2.jpg 1999w, https:\/\/www.acryline.ch\/EN\/wp-content\/uploads\/2019\/06\/187_1744-2-300x200.jpg 300w, https:\/\/www.acryline.ch\/EN\/wp-content\/uploads\/2019\/06\/187_1744-2-768x513.jpg 768w, https:\/\/www.acryline.ch\/EN\/wp-content\/uploads\/2019\/06\/187_1744-2-1024x684.jpg 1024w\" sizes=\"(max-width: 1999px) 100vw, 1999px\" \/><\/div><\/li><li  class='avia-slideshow-slide av-jxklfoec-0366f675eac1ede5e88f5c26a36381bd__5  slide-6 slide-even'><div data-rel='slideshow-1' class='avia-slide-wrap '  title='Publicit\u00e9 illumin\u00e9e \/ bo\u00eete lumineuse en verre acrylic' ><img decoding=\"async\" fetchpriority=\"high\" class=\"wp-image-3242 avia-img-lazy-loading-not-3242\"  src=\"https:\/\/www.acryline.ch\/EN\/wp-content\/uploads\/2019\/04\/acryline_leuchtreklame1_c-1-2.jpg\" width=\"2000\" height=\"2000\" title='Publicit\u00e9 illumin\u00e9e \/ bo\u00eete lumineuse en verre acrylic' alt='Publicit\u00e9 illumin\u00e9e \/ bo\u00eete lumineuse en verre acrylic'  itemprop=\"thumbnailUrl\" srcset=\"https:\/\/www.acryline.ch\/EN\/wp-content\/uploads\/2019\/04\/acryline_leuchtreklame1_c-1-2.jpg 2000w, https:\/\/www.acryline.ch\/EN\/wp-content\/uploads\/2019\/04\/acryline_leuchtreklame1_c-1-2-300x300.jpg 300w, https:\/\/www.acryline.ch\/EN\/wp-content\/uploads\/2019\/04\/acryline_leuchtreklame1_c-1-2-768x768.jpg 768w, https:\/\/www.acryline.ch\/EN\/wp-content\/uploads\/2019\/04\/acryline_leuchtreklame1_c-1-2-1024x1024.jpg 1024w, https:\/\/www.acryline.ch\/EN\/wp-content\/uploads\/2019\/04\/acryline_leuchtreklame1_c-1-2-100x100.jpg 100w\" sizes=\"(max-width: 2000px) 100vw, 2000px\" \/><\/div><\/li><\/ul><div class='avia-slideshow-arrows avia-slideshow-controls' ><a href='#prev' class='prev-slide  avia-svg-icon avia-font-svg_entypo-fontello' data-av_svg_icon='left-open-big' data-av_iconset='svg_entypo-fontello' tabindex='-1' title=\"Zur\u00fcck\"><svg version=\"1.1\" xmlns=\"http:\/\/www.w3.org\/2000\/svg\" width=\"15\" height=\"32\" viewBox=\"0 0 15 32\" preserveAspectRatio=\"xMidYMid meet\" aria-labelledby='av-svg-title-1' aria-describedby='av-svg-desc-1' role=\"graphics-symbol\" aria-hidden=\"true\">\n<title id='av-svg-title-1'>Zur\u00fcck<\/title>\n<desc id='av-svg-desc-1'>Zur\u00fcck<\/desc>\n<path d=\"M14.464 27.84q0.832 0.832 0 1.536-0.832 0.832-1.536 0l-12.544-12.608q-0.768-0.768 0-1.6l12.544-12.608q0.704-0.832 1.536 0 0.832 0.704 0 1.536l-11.456 11.904z\"><\/path>\n<\/svg><span class='avia_hidden_link_text'>Zur\u00fcck<\/span><\/a><a href='#next' class='next-slide  avia-svg-icon avia-font-svg_entypo-fontello' data-av_svg_icon='right-open-big' data-av_iconset='svg_entypo-fontello' tabindex='-1' title=\"Weiter\"><svg version=\"1.1\" xmlns=\"http:\/\/www.w3.org\/2000\/svg\" width=\"15\" height=\"32\" viewBox=\"0 0 15 32\" preserveAspectRatio=\"xMidYMid meet\" aria-labelledby='av-svg-title-2' aria-describedby='av-svg-desc-2' role=\"graphics-symbol\" aria-hidden=\"true\">\n<title id='av-svg-title-2'>Weiter<\/title>\n<desc id='av-svg-desc-2'>Weiter<\/desc>\n<path d=\"M0.416 27.84l11.456-11.84-11.456-11.904q-0.832-0.832 0-1.536 0.832-0.832 1.536 0l12.544 12.608q0.768 0.832 0 1.6l-12.544 12.608q-0.704 0.832-1.536 0-0.832-0.704 0-1.536z\"><\/path>\n<\/svg><span class='avia_hidden_link_text'>Weiter<\/span><\/a><\/div><div class='avia-slideshow-dots avia-slideshow-controls'><a href='#1' class='goto-slide active' >1<\/a><a href='#2' class='goto-slide ' >2<\/a><a href='#3' class='goto-slide ' >3<\/a><a href='#4' class='goto-slide ' >4<\/a><a href='#5' class='goto-slide ' >5<\/a><a href='#6' class='goto-slide ' >6<\/a><\/div><\/div><\/div><\/p>\n\n<style type=\"text\/css\" data-created_by=\"avia_inline_auto\" id=\"style-css-av-4x9gz7-a03c1cf637e330cc5cb8b49dde99c786\">\n.flex_column.av-4x9gz7-a03c1cf637e330cc5cb8b49dde99c786{\nborder-radius:0px 0px 0px 0px;\npadding:0px 0px 0px 0px;\n}\n<\/style>\n<div  class='flex_column av-4x9gz7-a03c1cf637e330cc5cb8b49dde99c786 av_one_third  avia-builder-el-6  el_after_av_one_third  el_before_av_hr  flex_column_div av-hide-on-mobile av-zero-column-padding  '     ><section  class='av_textblock_section av-jv4cqjkq-ab3b8e21c127a42362e48efe78d776b7 '   itemscope=\"itemscope\" itemtype=\"https:\/\/schema.org\/CreativeWork\" ><div class='avia_textblock'  itemprop=\"text\" ><p><strong>PRODUCT CATEGORIES<\/strong><br \/>\n<a href=\"https:\/\/www.acryline.ch\/EN\/products\/technical-parts\/\">TECHNICAL PARTS<\/a><br \/>\n<a href=\"https:\/\/www.acryline.ch\/EN\/products\/medical-technology\/\">MEDICAL TECHNOLOGY<\/a><br \/>\n<a href=\"https:\/\/www.acryline.ch\/EN\/products\/displays\/\">DISPLAYS<\/a><br \/>\n<a href=\"https:\/\/www.acryline.ch\/EN\/products\/projects\/\">PROJECTS<\/a><br \/>\n<a href=\"https:\/\/www.acryline.ch\/EN\/products\/hoods-covers\/\">HOODS &amp; COVERS<\/a><br \/>\n<a href=\"https:\/\/www.acryline.ch\/EN\/products\/interior-design\/\">INTERIOR DESIGN<\/a><br \/>\n<a href=\"https:\/\/www.acryline.ch\/EN\/products\/commercial-furniture\/\">COMMERCIAL FURNITURE<\/a><br \/>\n<a href=\"https:\/\/www.acryline.ch\/EN\/products\/components-lighting-industry\/\">COMPONENTS LIGHTING INDUSTRY<\/a><br \/>\n<a href=\"https:\/\/www.acryline.ch\/EN\/products\/advertising-signs\/\"><span style=\"color: #008cab;\">ADVERTISING SIGNS<\/span><\/a><br \/>\n<a href=\"https:\/\/www.acryline.ch\/EN\/products\/throphies\/\">TROPHIES<\/a><br \/>\n<a href=\"https:\/\/www.acryline.ch\/EN\/products\/signs\/\">SIGNS<\/a><br \/>\n<a href=\"https:\/\/www.acryline.ch\/EN\/products\/boxes-chests-suitcases\/\">BOXES, CHESTS, SUITCASES<\/a><br \/>\n<a href=\"https:\/\/www.acryline.ch\/EN\/products\/\">BACK TO THE OVERVIEW<\/a><\/p>\n<\/div><\/section><\/div>\n\n<style type=\"text\/css\" data-created_by=\"avia_inline_auto\" id=\"style-css-av-jv4crgp3-2c7608d6cd2fc63e6d277c407fe7deb3\">\n#top .hr.hr-invisible.av-jv4crgp3-2c7608d6cd2fc63e6d277c407fe7deb3{\nheight:50px;\n}\n<\/style>\n<div  class='hr av-jv4crgp3-2c7608d6cd2fc63e6d277c407fe7deb3 hr-invisible  avia-builder-el-8  el_after_av_one_third  el_before_av_one_third '><span class='hr-inner '><span class=\"hr-inner-style\"><\/span><\/span><\/div>\n\n<style type=\"text\/css\" data-created_by=\"avia_inline_auto\" id=\"style-css-av-4doqgq-d10a59418613db9209c96cad742cfee7\">\n.flex_column.av-4doqgq-d10a59418613db9209c96cad742cfee7{\nborder-radius:0px 0px 0px 0px;\npadding:0px 0px 0px 0px;\n}\n<\/style>\n<div  class='flex_column av-4doqgq-d10a59418613db9209c96cad742cfee7 av_one_third  avia-builder-el-9  el_after_av_hr  el_before_av_one_fourth  first flex_column_div av-zero-column-padding  '     ><section  class='av_textblock_section av-jv4cqjkq-ab3b8e21c127a42362e48efe78d776b7 '   itemscope=\"itemscope\" itemtype=\"https:\/\/schema.org\/CreativeWork\" ><div class='avia_textblock'  itemprop=\"text\" ><p><strong>Standard Lamps:<\/strong> Line-Lights are the ideal advertising medium to present your brand. They can also be used as direction indicators.<br \/>\nLine-Lights are customisable. Logos and texts can be engraved and in-filled in colour.<br \/>\nOur Line-Light concept consists of an aluminimium profile with an internally mounted LED light strips and a screen made of scratch-resistant acrylic glas.<br \/>\nThe lamps are supplied ready-to-fit with two fixing lugs and\u00a0 power cable with euro plug. The side flaps close the profile and are available on request.<\/p>\n<\/div><\/section><\/div>\n\n<style type=\"text\/css\" data-created_by=\"avia_inline_auto\" id=\"style-css-av-4doqgq-5812e733ce7928f1d17ea4d08f397a9d\">\n.flex_column.av-4doqgq-5812e733ce7928f1d17ea4d08f397a9d{\nborder-radius:0px 0px 0px 0px;\npadding:0px 0px 0px 0px;\n}\n<\/style>\n<div  class='flex_column av-4doqgq-5812e733ce7928f1d17ea4d08f397a9d av_one_fourth  avia-builder-el-11  el_after_av_one_third  el_before_av_one_fourth  flex_column_div av-zero-column-padding  '     ><p><section  class='av_textblock_section av-jv4cqjkq-ab3b8e21c127a42362e48efe78d776b7 '   itemscope=\"itemscope\" itemtype=\"https:\/\/schema.org\/CreativeWork\" ><div class='avia_textblock'  itemprop=\"text\" ><p><strong>RGB- LED Lamps in 3 colours: red\/green\/blue<\/strong><\/p>\n<p>Thanks to an intelligent controller the different colours can be chosen individually.<br \/>\nSequential programs provide an individual light change. Adjustable programs allow for individual light changes.<br \/>\nLength of RGB lamps: 950mm<\/p>\n<\/div><\/section><br \/>\n\n<style type=\"text\/css\" data-created_by=\"avia_inline_auto\" id=\"style-css-av-jv574e7l-756a924a49c660034c71dfa48b11969d\">\n.avia-image-container.av-jv574e7l-756a924a49c660034c71dfa48b11969d img.avia_image{\nbox-shadow:none;\n}\n.avia-image-container.av-jv574e7l-756a924a49c660034c71dfa48b11969d .av-image-caption-overlay-center{\ncolor:#ffffff;\n}\n<\/style>\n<div  class='avia-image-container av-jv574e7l-756a924a49c660034c71dfa48b11969d av-styling- avia-align-left  avia-builder-el-13  el_after_av_textblock  avia-builder-el-last '   itemprop=\"image\" itemscope=\"itemscope\" itemtype=\"https:\/\/schema.org\/ImageObject\" ><div class=\"avia-image-container-inner\"><div class=\"avia-image-overlay-wrap\"><img decoding=\"async\" fetchpriority=\"high\" class='wp-image-3235 avia-img-lazy-loading-not-3235 avia_image ' src=\"https:\/\/www.acryline.ch\/EN\/wp-content\/uploads\/2019\/04\/acryline_leuchten2-1-1-300x300.jpg\" alt='Steuerger\u00e4t' title='Acryline Kunststoff Displays'  height=\"300\" width=\"300\"  itemprop=\"thumbnailUrl\" srcset=\"https:\/\/www.acryline.ch\/EN\/wp-content\/uploads\/2019\/04\/acryline_leuchten2-1-1-300x300.jpg 300w, https:\/\/www.acryline.ch\/EN\/wp-content\/uploads\/2019\/04\/acryline_leuchten2-1-1-768x768.jpg 768w, https:\/\/www.acryline.ch\/EN\/wp-content\/uploads\/2019\/04\/acryline_leuchten2-1-1-1024x1024.jpg 1024w, https:\/\/www.acryline.ch\/EN\/wp-content\/uploads\/2019\/04\/acryline_leuchten2-1-1-100x100.jpg 100w, https:\/\/www.acryline.ch\/EN\/wp-content\/uploads\/2019\/04\/acryline_leuchten2-1-1.jpg 2000w\" sizes=\"(max-width: 300px) 100vw, 300px\" \/><\/div><\/div><\/div><\/p><\/div>\n\n<style type=\"text\/css\" data-created_by=\"avia_inline_auto\" id=\"style-css-av-4doqgq-5812e733ce7928f1d17ea4d08f397a9d\">\n.flex_column.av-4doqgq-5812e733ce7928f1d17ea4d08f397a9d{\nborder-radius:0px 0px 0px 0px;\npadding:0px 0px 0px 0px;\n}\n<\/style>\n<div  class='flex_column av-4doqgq-5812e733ce7928f1d17ea4d08f397a9d av_one_fourth  avia-builder-el-14  el_after_av_one_fourth  el_before_av_one_third  flex_column_div av-zero-column-padding  '     ><p><section  class='av_textblock_section av-jv4cqjkq-ab3b8e21c127a42362e48efe78d776b7 '   itemscope=\"itemscope\" itemtype=\"https:\/\/schema.org\/CreativeWork\" ><div class='avia_textblock'  itemprop=\"text\" ><p><strong>Technical Datas<\/strong><\/p>\n<p>Dimensions: The length of the luminaire is dependent on the light source. The height is adjusted to the labeling. LED light strips are available in the following lengths and are mutually combinable:<br \/>\nL = 115 \/ 315 \/ 615 \/ 920mm + 35mm for the electrical connection of the light strips.<\/p>\n<p>Minimum length: 350mm<br \/>\nMaximum length: 2950mm<br \/>\nAluminium profile: height: 52mm thickness: 34mm<br \/>\nLight source: LED white 6000K, waterproof<\/p>\n<\/div><\/section><br \/>\n\n<style type=\"text\/css\" data-created_by=\"avia_inline_auto\" id=\"style-css-av-jv574e7l-d87c4169dd04e4f180293f3b336ed28c\">\n.avia-image-container.av-jv574e7l-d87c4169dd04e4f180293f3b336ed28c img.avia_image{\nbox-shadow:none;\n}\n.avia-image-container.av-jv574e7l-d87c4169dd04e4f180293f3b336ed28c .av-image-caption-overlay-center{\ncolor:#ffffff;\n}\n<\/style>\n<div  class='avia-image-container av-jv574e7l-d87c4169dd04e4f180293f3b336ed28c av-styling- avia-align-left  avia-builder-el-16  el_after_av_textblock  avia-builder-el-last '   itemprop=\"image\" itemscope=\"itemscope\" itemtype=\"https:\/\/schema.org\/ImageObject\" ><div class=\"avia-image-container-inner\"><div class=\"avia-image-overlay-wrap\"><img decoding=\"async\" fetchpriority=\"high\" class='wp-image-3232 avia-img-lazy-loading-not-3232 avia_image ' src=\"https:\/\/www.acryline.ch\/EN\/wp-content\/uploads\/2019\/04\/acryline_leuchten1-3-1-300x300.jpg\" alt='Alu-Profil \/ LED' title='Acryline Kunststoff Displays'  height=\"300\" width=\"300\"  itemprop=\"thumbnailUrl\" srcset=\"https:\/\/www.acryline.ch\/EN\/wp-content\/uploads\/2019\/04\/acryline_leuchten1-3-1-300x300.jpg 300w, https:\/\/www.acryline.ch\/EN\/wp-content\/uploads\/2019\/04\/acryline_leuchten1-3-1-768x768.jpg 768w, https:\/\/www.acryline.ch\/EN\/wp-content\/uploads\/2019\/04\/acryline_leuchten1-3-1-1024x1024.jpg 1024w, https:\/\/www.acryline.ch\/EN\/wp-content\/uploads\/2019\/04\/acryline_leuchten1-3-1-100x100.jpg 100w, https:\/\/www.acryline.ch\/EN\/wp-content\/uploads\/2019\/04\/acryline_leuchten1-3-1.jpg 2000w\" sizes=\"(max-width: 300px) 100vw, 300px\" \/><\/div><\/div><\/div><\/p><\/div>\n\n<style type=\"text\/css\" data-created_by=\"avia_inline_auto\" id=\"style-css-av-4doqgq-d10a59418613db9209c96cad742cfee7\">\n.flex_column.av-4doqgq-d10a59418613db9209c96cad742cfee7{\nborder-radius:0px 0px 0px 0px;\npadding:0px 0px 0px 0px;\n}\n<\/style>\n<div  class='flex_column av-4doqgq-d10a59418613db9209c96cad742cfee7 av_one_third  avia-builder-el-17  el_after_av_one_fourth  el_before_av_hr  first flex_column_div av-zero-column-padding  column-top-margin'     ><section  class='av_textblock_section av-jv4cqjkq-ab3b8e21c127a42362e48efe78d776b7 '   itemscope=\"itemscope\" itemtype=\"https:\/\/schema.org\/CreativeWork\" ><div class='avia_textblock'  itemprop=\"text\" ><p>PRODUCT CATEGORIES<\/p>\n<p><a href=\"https:\/\/www.acryline.ch\/EN\/products\/technical-parts\/\">TECHNICAL PARTS<\/a><br \/>\n<a href=\"https:\/\/www.acryline.ch\/EN\/products\/medical-technology\/\">MEDICAL TECHNOLOGY<\/a><br \/>\n<a href=\"https:\/\/www.acryline.ch\/EN\/products\/displays\/\">DISPLAYS<\/a><br \/>\n<a href=\"https:\/\/www.acryline.ch\/EN\/products\/projects\/\">PROJECTS<\/a><br \/>\n<a href=\"https:\/\/www.acryline.ch\/EN\/products\/hoods-covers\/\">HOODS &amp; COVERS<\/a><br \/>\n<a href=\"https:\/\/www.acryline.ch\/EN\/products\/interior-design\/\">INTERIOR DESIGN<\/a><br \/>\n<a href=\"https:\/\/www.acryline.ch\/EN\/products\/commercial-furniture\/\">COMMERCIAL FURNITURE<\/a><br \/>\n<a href=\"https:\/\/www.acryline.ch\/EN\/products\/components-lighting-industry\/\">COMPONENTS LIGHTING INDUSTRY<\/a><br \/>\n<a href=\"https:\/\/www.acryline.ch\/EN\/products\/advertising-signs\/\"><strong><span style=\"color: #008cab;\">ADVERTISING SIGNS<\/span><\/strong><\/a><br \/>\n<a href=\"https:\/\/www.acryline.ch\/EN\/products\/throphies\/\">TROPHIES<\/a><br \/>\n<a href=\"https:\/\/www.acryline.ch\/EN\/products\/signs\/\">SIGNS<\/a><br \/>\n<a href=\"https:\/\/www.acryline.ch\/EN\/products\/boxes-chests-suitcases\/\">BOXES, CHESTS, SUITCASES<\/a><br \/>\n<a href=\"https:\/\/www.acryline.ch\/EN\/products\/\">BACK TO THE OVERVIEW<\/a><\/p>\n<\/div><\/section><\/div>\n\n<style type=\"text\/css\" data-created_by=\"avia_inline_auto\" id=\"style-css-av-jv4crgp3-14a6c45db2200c2c0901d70a016c95ae\">\n#top .hr.hr-invisible.av-jv4crgp3-14a6c45db2200c2c0901d70a016c95ae{\nheight:300px;\n}\n<\/style>\n<div  class='hr av-jv4crgp3-14a6c45db2200c2c0901d70a016c95ae hr-invisible  avia-builder-el-19  el_after_av_one_third  avia-builder-el-last '><span class='hr-inner '><span class=\"hr-inner-style\"><\/span><\/span><\/div>\n","protected":false},"excerpt":{"rendered":"","protected":false},"author":7,"featured_media":0,"parent":7190,"menu_order":14,"comment_status":"closed","ping_status":"closed","template":"","meta":{"footnotes":""},"class_list":["post-7212","page","type-page","status-publish","hentry"],"aioseo_notices":[],"_links":{"self":[{"href":"https:\/\/www.acryline.ch\/EN\/wp-json\/wp\/v2\/pages\/7212","targetHints":{"allow":["GET"]}}],"collection":[{"href":"https:\/\/www.acryline.ch\/EN\/wp-json\/wp\/v2\/pages"}],"about":[{"href":"https:\/\/www.acryline.ch\/EN\/wp-json\/wp\/v2\/types\/page"}],"author":[{"embeddable":true,"href":"https:\/\/www.acryline.ch\/EN\/wp-json\/wp\/v2\/users\/7"}],"replies":[{"embeddable":true,"href":"https:\/\/www.acryline.ch\/EN\/wp-json\/wp\/v2\/comments?post=7212"}],"version-history":[{"count":15,"href":"https:\/\/www.acryline.ch\/EN\/wp-json\/wp\/v2\/pages\/7212\/revisions"}],"predecessor-version":[{"id":8908,"href":"https:\/\/www.acryline.ch\/EN\/wp-json\/wp\/v2\/pages\/7212\/revisions\/8908"}],"up":[{"embeddable":true,"href":"https:\/\/www.acryline.ch\/EN\/wp-json\/wp\/v2\/pages\/7190"}],"wp:attachment":[{"href":"https:\/\/www.acryline.ch\/EN\/wp-json\/wp\/v2\/media?parent=7212"}],"curies":[{"name":"wp","href":"https:\/\/api.w.org\/{rel}","templated":true}]}}